{"id":587,"date":"2025-01-19T20:19:01","date_gmt":"2025-01-19T20:19:01","guid":{"rendered":"https:\/\/kalendo.store\/?page_id=587"},"modified":"2025-01-19T20:19:47","modified_gmt":"2025-01-19T20:19:47","slug":"sobre-nosotros","status":"publish","type":"page","link":"https:\/\/kalendo.store\/?page_id=587&lang=es","title":{"rendered":"Sobre Nosotros"},"content":{"rendered":"\t\t<div data-elementor-type=\"wp-page\" data-elementor-id=\"587\" class=\"elementor elementor-587\">\n\t\t\t\t\t\t<section class=\"elementor-section elementor-top-section elementor-element elementor-element-c275639 elementor-section-boxed elementor-section-height-default elementor-section-height-default\" data-id=\"c275639\" data-element_type=\"section\" data-e-type=\"section\">\n\t\t\t\t\t\t<div class=\"elementor-container elementor-column-gap-default\">\n\t\t\t\t\t<div class=\"elementor-column elementor-col-100 elementor-top-column elementor-element elementor-element-0d095d2\" data-id=\"0d095d2\" data-element_type=\"column\" data-e-type=\"column\">\n\t\t\t<div class=\"elementor-widget-wrap elementor-element-populated\">\n\t\t\t\t\t\t<div class=\"elementor-element elementor-element-55a89d3 elementor-invisible elementor-widget elementor-widget-heading\" data-id=\"55a89d3\" data-element_type=\"widget\" data-e-type=\"widget\" data-settings=\"{&quot;_animation&quot;:&quot;fadeInUpShorter&quot;,&quot;_animation_delay&quot;:200}\" data-widget_type=\"heading.default\">\n\t\t\t\t<div class=\"elementor-widget-container\">\n\t\t\t\t\t<h2 class=\"elementor-heading-title elementor-size-default\">Sobre Nosotros<\/h2>\t\t\t\t<\/div>\n\t\t\t\t<\/div>\n\t\t\t\t\t<\/div>\n\t\t<\/div>\n\t\t\t\t\t<\/div>\n\t\t<\/section>\n\t\t<div class=\"elementor-element elementor-element-98a2fe5 e-flex e-con-boxed e-con e-parent\" data-id=\"98a2fe5\" data-element_type=\"container\" data-e-type=\"container\">\n\t\t\t\t\t<div class=\"e-con-inner\">\n\t\t<div class=\"elementor-element elementor-element-6405319 e-con-full e-flex e-con e-child\" data-id=\"6405319\" data-element_type=\"container\" data-e-type=\"container\">\n\t\t\t\t<\/div>\n\t\t<div class=\"elementor-element elementor-element-d87d5ed e-con-full e-flex e-con e-child\" data-id=\"d87d5ed\" data-element_type=\"container\" data-e-type=\"container\">\n\t\t\t\t<\/div>\n\t\t\t\t<div class=\"elementor-element elementor-element-26bab4e elementor-widget elementor-widget-text-editor\" data-id=\"26bab4e\" data-element_type=\"widget\" data-e-type=\"widget\" data-widget_type=\"text-editor.default\">\n\t\t\t\t<div class=\"elementor-widget-container\">\n\t\t\t\t\t\t\t\t\t<p>\u00a0\u00a0\u00a0\u00a0\u00a0\u00a0\u00a0\u00a0\u00a0\u00a0\u00a0\u00a0\u00a0\u00a0\u00a0 Dimelo! Mi nombre es Gadiel Crespo y quiero darte una c\u00e1lida bienvenida a mi peque\u00f1a tienda. Principalmente me dedico a crear m\u00e1scaras y cascos para cosplay o simplemente por diversi\u00f3n. Mi viaje en el mundo del cosplay comenz\u00f3 en 2021 cuando hice mi primera m\u00e1scara. Alrededor de 2022, empec\u00e9 a pensar en vender algunos de mis proyectos, pero nunca lo hice. Ahora he iniciado el proyecto con el que siempre so\u00f1\u00e9, \u00a1y estoy m\u00e1s apasionado que nunca! Aqu\u00ed encontrar\u00e1s m\u00e1scaras personalizadas de Hollow Ichigo, impresas en 3D y pintadas a mano.<\/p><p>Siendo un gran fan\u00e1tico de <em>Bleach<\/em>, siempre me encant\u00f3 cuando la m\u00e1scara de hollow aparec\u00eda en pantalla. Era simplemente hipnotizante. El aura que transmit\u00eda era incre\u00edble, as\u00ed que decid\u00ed hacer la mejor y m\u00e1s precisa m\u00e1scara inspirada en el anime.<\/p><p>Dirijo esta tienda con la ayuda de mi pap\u00e1 (\u00a1\u00e9l tiene muuuucha experiencia!).<\/p><p>Mis m\u00e1scaras est\u00e1n hechas con la m\u00e1xima calidad y artesan\u00eda, pero no solo eso: est\u00e1n hechas con amor. Ya sea que compres una impresi\u00f3n en bruto o una m\u00e1scara terminada, siempre se trata con cuidado. Siento que esta m\u00e1scara ofrecer\u00e1 un look m\u00e1s fiel para los cosplayers y fan\u00e1ticos de <em>Bleach<\/em>.<\/p><p>\u00a1Mi esperanza es que encuentres lo que buscas en mi tienda! Siempre puedes contar conmigo para un excelente servicio al cliente y calidad.<\/p><p>No dudes en contactarme a trav\u00e9s de mis redes sociales que encontrar\u00e1s al final de la p\u00e1gina, \u00a1y si\u00e9ntete libre de explorar mi tienda a tu gusto!<\/p><p>\u00a0\u00a0\u00a0\u00a0\u00a0\u00a0\u00a0\u00a0\u00a0\u00a0\u00a0\u00a0\u00a0\u00a0\u00a0\u00a0\u00a0\u00a0 Con cari\u00f1o,<br \/>\u00a0\u00a0\u00a0\u00a0\u00a0\u00a0\u00a0\u00a0\u00a0\u00a0\u00a0\u00a0\u00a0\u00a0\u00a0\u00a0\u00a0\u00a0 Gadi.<\/p>\t\t\t\t\t\t\t\t<\/div>\n\t\t\t\t<\/div>\n\t\t\t\t\t<\/div>\n\t\t\t\t<\/div>\n\t\t<div class=\"elementor-element elementor-element-d9eb501 e-grid e-con-boxed e-con e-parent\" data-id=\"d9eb501\" data-element_type=\"container\" data-e-type=\"container\">\n\t\t\t\t\t<div class=\"e-con-inner\">\n\t\t\t\t<div class=\"elementor-element elementor-element-e69f96a elementor-widget elementor-widget-image\" data-id=\"e69f96a\" data-element_type=\"widget\" data-e-type=\"widget\" data-widget_type=\"image.default\">\n\t\t\t\t<div class=\"elementor-widget-container\">\n\t\t\t\t\t\t\t\t\t\t\t\t\t\t\t<img fetchpriority=\"high\" decoding=\"async\" width=\"245\" height=\"300\" src=\"https:\/\/kalendo.store\/wp-content\/uploads\/2025\/01\/ichigo_with_hollow_mask_by_nunobifes-d5qz50g-763006306-245x300.png\" class=\"attachment-medium size-medium wp-image-86\" alt=\"\" srcset=\"https:\/\/kalendo.store\/wp-content\/uploads\/2025\/01\/ichigo_with_hollow_mask_by_nunobifes-d5qz50g-763006306-245x300.png 245w, https:\/\/kalendo.store\/wp-content\/uploads\/2025\/01\/ichigo_with_hollow_mask_by_nunobifes-d5qz50g-763006306-800x980.png 800w, https:\/\/kalendo.store\/wp-content\/uploads\/2025\/01\/ichigo_with_hollow_mask_by_nunobifes-d5qz50g-763006306-836x1024.png 836w, https:\/\/kalendo.store\/wp-content\/uploads\/2025\/01\/ichigo_with_hollow_mask_by_nunobifes-d5qz50g-763006306-768x940.png 768w, https:\/\/kalendo.store\/wp-content\/uploads\/2025\/01\/ichigo_with_hollow_mask_by_nunobifes-d5qz50g-763006306-1254x1536.png 1254w, https:\/\/kalendo.store\/wp-content\/uploads\/2025\/01\/ichigo_with_hollow_mask_by_nunobifes-d5qz50g-763006306-1673x2048.png 1673w, https:\/\/kalendo.store\/wp-content\/uploads\/2025\/01\/ichigo_with_hollow_mask_by_nunobifes-d5qz50g-763006306.png 1960w\" sizes=\"(max-width: 245px) 100vw, 245px\" \/>\t\t\t\t\t\t\t\t\t\t\t\t\t\t\t<\/div>\n\t\t\t\t<\/div>\n\t\t\t\t\t<\/div>\n\t\t\t\t<\/div>\n\t\t\t\t<\/div>\n\t\t","protected":false},"excerpt":{"rendered":"<p>Sobre Nosotros \u00a0\u00a0\u00a0\u00a0\u00a0\u00a0\u00a0\u00a0\u00a0\u00a0\u00a0\u00a0\u00a0\u00a0\u00a0 Dimelo! Mi nombre es Gadiel Crespo y quiero darte una c\u00e1lida bienvenida a mi peque\u00f1a tienda. Principalmente me dedico a crear m\u00e1scaras y cascos para cosplay o [&hellip;]<\/p>\n","protected":false},"author":1,"featured_media":0,"parent":0,"menu_order":0,"comment_status":"closed","ping_status":"closed","template":"elementor_header_footer","meta":{"footnotes":""},"class_list":["post-587","page","type-page","status-publish","hentry"],"jetpack_sharing_enabled":true,"_links":{"self":[{"href":"https:\/\/kalendo.store\/index.php?rest_route=\/wp\/v2\/pages\/587","targetHints":{"allow":["GET"]}}],"collection":[{"href":"https:\/\/kalendo.store\/index.php?rest_route=\/wp\/v2\/pages"}],"about":[{"href":"https:\/\/kalendo.store\/index.php?rest_route=\/wp\/v2\/types\/page"}],"author":[{"embeddable":true,"href":"https:\/\/kalendo.store\/index.php?rest_route=\/wp\/v2\/users\/1"}],"replies":[{"embeddable":true,"href":"https:\/\/kalendo.store\/index.php?rest_route=%2Fwp%2Fv2%2Fcomments&post=587"}],"version-history":[{"count":4,"href":"https:\/\/kalendo.store\/index.php?rest_route=\/wp\/v2\/pages\/587\/revisions"}],"predecessor-version":[{"id":591,"href":"https:\/\/kalendo.store\/index.php?rest_route=\/wp\/v2\/pages\/587\/revisions\/591"}],"wp:attachment":[{"href":"https:\/\/kalendo.store\/index.php?rest_route=%2Fwp%2Fv2%2Fmedia&parent=587"}],"curies":[{"name":"wp","href":"https:\/\/api.w.org\/{rel}","templated":true}]}}